{"id":627,"date":"2024-05-10T22:03:39","date_gmt":"2024-05-10T20:03:39","guid":{"rendered":"https:\/\/brasseriebriare.fr\/?page_id=627"},"modified":"2024-05-22T15:37:40","modified_gmt":"2024-05-22T13:37:40","slug":"contact-brasserie-lagriculture-briare-45","status":"publish","type":"page","link":"https:\/\/brasseriebriare.fr\/index.php\/contact-brasserie-lagriculture-briare-45\/","title":{"rendered":"Contact Brasserie l&rsquo;Agriculture Briare (45)"},"content":{"rendered":"\t\t<div data-elementor-type=\"wp-page\" data-elementor-id=\"627\" class=\"elementor elementor-627\">\n\t\t\t\t<div class=\"elementor-element elementor-element-b5ac998 e-con-full e-flex wpr-particle-no wpr-jarallax-no wpr-parallax-no wpr-sticky-section-no e-con e-parent\" data-id=\"b5ac998\" data-element_type=\"container\">\n\t\t<div class=\"elementor-element elementor-element-f7aa3af e-con-full e-flex wpr-particle-no wpr-jarallax-no wpr-parallax-no wpr-sticky-section-no e-con e-child\" data-id=\"f7aa3af\" data-element_type=\"container\" data-settings=\"{&quot;background_background&quot;:&quot;classic&quot;}\">\n\t\t\t\t<div class=\"elementor-element elementor-element-44637ac elementor-widget elementor-widget-heading\" data-id=\"44637ac\" data-element_type=\"widget\" data-widget_type=\"heading.default\">\n\t\t\t\t<div class=\"elementor-widget-container\">\n\t\t\t\t\t<h2 class=\"elementor-heading-title elementor-size-default\">Contactez-nous !<\/h2>\t\t\t\t<\/div>\n\t\t\t\t<\/div>\n\t\t<div class=\"elementor-element elementor-element-5a4fc98 e-flex e-con-boxed wpr-particle-no wpr-jarallax-no wpr-parallax-no wpr-sticky-section-no e-con e-child\" data-id=\"5a4fc98\" data-element_type=\"container\">\n\t\t\t\t\t<div class=\"e-con-inner\">\n\t\t\t\t<div class=\"elementor-element elementor-element-651c0c5 wpr-advanced-text-style-highlighted elementor-widget elementor-widget-wpr-advanced-text\" data-id=\"651c0c5\" data-element_type=\"widget\" data-widget_type=\"wpr-advanced-text.default\">\n\t\t\t\t<div class=\"elementor-widget-container\">\n\t\t\t\t\t\n\t\t<h3 class=\"wpr-advanced-text\">\n\n\t\t\t\t\t\n\t\t\t\n\t\t<span class=\"wpr-highlighted-text\">\n\t\t\t\t\t\n\t\t\t<span class=\"wpr-highlighted-text-inner\">Nos horaires<\/span>\n\n\t\t\t<svg xmlns=\"http:\/\/www.w3.org\/2000\/svg\" viewBox=\"0 0 500 150\" class=\"wpr-highlight-underline-zigzag\" preserveAspectRatio=\"none\">\n\t\t\t\t\t\t\t\t<path d=\"M9.3,127.3c49.3-3,150.7-7.6,199.7-7.4c121.9,0.4,189.9,0.4,282.3,7.2C380.1,129.6,181.2,130.6,70,139 c82.6-2.9,254.2-1,335.9,1.3c-56,1.4-137.2-0.3-197.1,9\"><\/path>\n\t\t\t\t\t\t\t<\/svg>\n\t\t\t\t\t<\/span>\n\t\t\t\t\n\t\t<\/h3>\n\t\t\n\t\t\t\t\t\t<\/div>\n\t\t\t\t<\/div>\n\t\t\t\t<div class=\"elementor-element elementor-element-6489368 elementor-widget elementor-widget-heading\" data-id=\"6489368\" data-element_type=\"widget\" data-widget_type=\"heading.default\">\n\t\t\t\t<div class=\"elementor-widget-container\">\n\t\t\t\t\t<p class=\"elementor-heading-title elementor-size-default\">Lundi \u00e0 Samedi<\/p>\t\t\t\t<\/div>\n\t\t\t\t<\/div>\n\t\t\t\t<div class=\"elementor-element elementor-element-e793ec7 elementor-widget elementor-widget-heading\" data-id=\"e793ec7\" data-element_type=\"widget\" data-widget_type=\"heading.default\">\n\t\t\t\t<div class=\"elementor-widget-container\">\n\t\t\t\t\t<p class=\"elementor-heading-title elementor-size-default\">De 7h30 \u00e0 20h30<\/p>\t\t\t\t<\/div>\n\t\t\t\t<\/div>\n\t\t\t\t<div class=\"elementor-element elementor-element-63f0305 elementor-widget elementor-widget-heading\" data-id=\"63f0305\" data-element_type=\"widget\" data-widget_type=\"heading.default\">\n\t\t\t\t<div class=\"elementor-widget-container\">\n\t\t\t\t\t<p class=\"elementor-heading-title elementor-size-default\">(ouvert les jours f\u00e9ri\u00e9s)<\/p>\t\t\t\t<\/div>\n\t\t\t\t<\/div>\n\t\t\t\t\t<\/div>\n\t\t\t\t<\/div>\n\t\t<div class=\"elementor-element elementor-element-6a0a938 e-flex e-con-boxed wpr-particle-no wpr-jarallax-no wpr-parallax-no wpr-sticky-section-no e-con e-child\" data-id=\"6a0a938\" data-element_type=\"container\">\n\t\t\t\t\t<div class=\"e-con-inner\">\n\t\t\t\t<div class=\"elementor-element elementor-element-c614161 wpr-advanced-text-style-highlighted elementor-widget elementor-widget-wpr-advanced-text\" data-id=\"c614161\" data-element_type=\"widget\" data-widget_type=\"wpr-advanced-text.default\">\n\t\t\t\t<div class=\"elementor-widget-container\">\n\t\t\t\t\t\n\t\t<h3 class=\"wpr-advanced-text\">\n\n\t\t\t\t\t\n\t\t\t\n\t\t<span class=\"wpr-highlighted-text\">\n\t\t\t\t\t\n\t\t\t<span class=\"wpr-highlighted-text-inner\">Contactez-nous<\/span>\n\n\t\t\t<svg xmlns=\"http:\/\/www.w3.org\/2000\/svg\" viewBox=\"0 0 500 150\" class=\"wpr-highlight-underline-zigzag\" preserveAspectRatio=\"none\">\n\t\t\t\t\t\t\t\t<path d=\"M9.3,127.3c49.3-3,150.7-7.6,199.7-7.4c121.9,0.4,189.9,0.4,282.3,7.2C380.1,129.6,181.2,130.6,70,139 c82.6-2.9,254.2-1,335.9,1.3c-56,1.4-137.2-0.3-197.1,9\"><\/path>\n\t\t\t\t\t\t\t<\/svg>\n\t\t\t\t\t<\/span>\n\t\t\t\t\n\t\t<\/h3>\n\t\t\n\t\t\t\t\t\t<\/div>\n\t\t\t\t<\/div>\n\t\t\t\t<div class=\"elementor-element elementor-element-dc9c5b7 elementor-widget elementor-widget-heading\" data-id=\"dc9c5b7\" data-element_type=\"widget\" data-widget_type=\"heading.default\">\n\t\t\t\t<div class=\"elementor-widget-container\">\n\t\t\t\t\t<p class=\"elementor-heading-title elementor-size-default\">02 38 31 22 96<\/p>\t\t\t\t<\/div>\n\t\t\t\t<\/div>\n\t\t\t\t<div class=\"elementor-element elementor-element-e34ac9a elementor-widget elementor-widget-heading\" data-id=\"e34ac9a\" data-element_type=\"widget\" data-widget_type=\"heading.default\">\n\t\t\t\t<div class=\"elementor-widget-container\">\n\t\t\t\t\t<p class=\"elementor-heading-title elementor-size-default\">1 Pl. de la R\u00e9publique<br>45250 Briare<\/p>\t\t\t\t<\/div>\n\t\t\t\t<\/div>\n\t\t\t\t<div class=\"elementor-element elementor-element-d1ad877 elementor-widget elementor-widget-heading\" data-id=\"d1ad877\" data-element_type=\"widget\" data-widget_type=\"heading.default\">\n\t\t\t\t<div class=\"elementor-widget-container\">\n\t\t\t\t\t<p class=\"elementor-heading-title elementor-size-default\">fdliris45@gmail.com<\/p>\t\t\t\t<\/div>\n\t\t\t\t<\/div>\n\t\t\t\t\t<\/div>\n\t\t\t\t<\/div>\n\t\t<div class=\"elementor-element elementor-element-3da3aee e-flex e-con-boxed wpr-particle-no wpr-jarallax-no wpr-parallax-no wpr-sticky-section-no e-con e-child\" data-id=\"3da3aee\" data-element_type=\"container\">\n\t\t\t\t\t<div class=\"e-con-inner\">\n\t\t\t\t<div class=\"elementor-element elementor-element-bc2d46f elementor-widget elementor-widget-google_maps\" data-id=\"bc2d46f\" data-element_type=\"widget\" data-widget_type=\"google_maps.default\">\n\t\t\t\t<div class=\"elementor-widget-container\">\n\t\t\t\t\t\t\t<div class=\"elementor-custom-embed\">\n\t\t\t<iframe loading=\"lazy\"\n\t\t\t\t\tsrc=\"https:\/\/maps.google.com\/maps?q=briare%20bar%20agriculture%20&#038;t=m&#038;z=17&#038;output=embed&#038;iwloc=near\"\n\t\t\t\t\ttitle=\"briare bar agriculture \"\n\t\t\t\t\taria-label=\"briare bar agriculture \"\n\t\t\t><\/iframe>\n\t\t<\/div>\n\t\t\t\t\t\t<\/div>\n\t\t\t\t<\/div>\n\t\t\t\t\t<\/div>\n\t\t\t\t<\/div>\n\t\t\t\t<\/div>\n\t\t<div class=\"elementor-element elementor-element-5e382a2 e-con-full e-flex wpr-particle-no wpr-jarallax-no wpr-parallax-no wpr-sticky-section-no e-con e-child\" data-id=\"5e382a2\" data-element_type=\"container\">\n\t\t<div class=\"elementor-element elementor-element-12b6667 elementor-hidden-mobile e-flex e-con-boxed wpr-particle-no wpr-jarallax-no wpr-parallax-no wpr-sticky-section-no e-con e-child\" data-id=\"12b6667\" data-element_type=\"container\">\n\t\t\t\t\t<div class=\"e-con-inner\">\n\t\t\t\t<div class=\"elementor-element elementor-element-f332976 wpr-button-icon-style-inline wpr-button-icon-position-right elementor-widget elementor-widget-wpr-button\" data-id=\"f332976\" data-element_type=\"widget\" data-widget_type=\"wpr-button.default\">\n\t\t\t\t<div class=\"elementor-widget-container\">\n\t\t\t\t\t\t\n\t\t\t\n\t\t\n\t\t<div class=\"wpr-button-wrap elementor-clearfix\">\n\t\t<div class=\"wpr-button wpr-button-effect wpr-button-isi-left\" data-text=\"Go\">\n\t\t\t\n\t\t\t<span class=\"wpr-button-content\">\n\t\t\t\t\t\t\t\t\t<span class=\"wpr-button-text\">R\u00e9servation en ligne<\/span>\n\t\t\t\t\t\t\t\t\n\t\t\t\t\t\t\t\t\t<span class=\"wpr-button-icon\"><svg class=\"e-font-icon-svg e-fas-utensils\" viewBox=\"0 0 416 512\" xmlns=\"http:\/\/www.w3.org\/2000\/svg\"><path d=\"M207.9 15.2c.8 4.7 16.1 94.5 16.1 128.8 0 52.3-27.8 89.6-68.9 104.6L168 486.7c.7 13.7-10.2 25.3-24 25.3H80c-13.7 0-24.7-11.5-24-25.3l12.9-238.1C27.7 233.6 0 196.2 0 144 0 109.6 15.3 19.9 16.1 15.2 19.3-5.1 61.4-5.4 64 16.3v141.2c1.3 3.4 15.1 3.2 16 0 1.4-25.3 7.9-139.2 8-141.8 3.3-20.8 44.7-20.8 47.9 0 .2 2.7 6.6 116.5 8 141.8.9 3.2 14.8 3.4 16 0V16.3c2.6-21.6 44.8-21.4 48-1.1zm119.2 285.7l-15 185.1c-1.2 14 9.9 26 23.9 26h56c13.3 0 24-10.7 24-24V24c0-13.2-10.7-24-24-24-82.5 0-221.4 178.5-64.9 300.9z\"><\/path><\/svg><\/span>\n\t\t\t\t\t\t\t<\/span>\n\t\t<\/div>\n\n\t\t\t\t<\/div>\n\t\n\t\n\t\t\t\t\t<\/div>\n\t\t\t\t<\/div>\n\t\t<div class=\"elementor-element elementor-element-37001f8 e-flex e-con-boxed wpr-particle-no wpr-jarallax-no wpr-parallax-no wpr-sticky-section-no e-con e-child\" data-id=\"37001f8\" data-element_type=\"container\">\n\t\t\t\t\t<div class=\"e-con-inner\">\n\t\t<div class=\"elementor-element elementor-element-971e377 e-flex e-con-boxed wpr-particle-no wpr-jarallax-no wpr-parallax-no wpr-sticky-section-no e-con e-child\" data-id=\"971e377\" data-element_type=\"container\">\n\t\t\t\t\t<div class=\"e-con-inner\">\n\t\t\t\t<div class=\"elementor-element elementor-element-5eee498 elementor-widget elementor-widget-wpforms\" data-id=\"5eee498\" data-element_type=\"widget\" data-widget_type=\"wpforms.default\">\n\t\t\t\t<div class=\"elementor-widget-container\">\n\t\t\t\t\t<style id=\"wpforms-css-vars-elementor-widget-5eee498\">\n\t\t\t\t.elementor-widget-wpforms.elementor-element-5eee498 {\n\t\t\t\t--wpforms-field-background-color: #FFFFFF;\n--wpforms-field-border-color: #11560F;\n--wpforms-field-border-color-spare: #11560F;\n--wpforms-button-background-color: #11560F;\n--wpforms-field-size-input-height: 43px;\n--wpforms-field-size-input-spacing: 15px;\n--wpforms-field-size-font-size: 16px;\n--wpforms-field-size-line-height: 19px;\n--wpforms-field-size-padding-h: 14px;\n--wpforms-field-size-checkbox-size: 16px;\n--wpforms-field-size-sublabel-spacing: 5px;\n--wpforms-field-size-icon-size: 1;\n--wpforms-label-size-font-size: 16px;\n--wpforms-label-size-line-height: 19px;\n--wpforms-label-size-sublabel-font-size: 14px;\n--wpforms-label-size-sublabel-line-height: 17px;\n--wpforms-button-size-font-size: 17px;\n--wpforms-button-size-height: 41px;\n--wpforms-button-size-padding-h: 15px;\n--wpforms-button-size-margin-top: 10px;\n\n\t\t\t}\n\t\t\t<\/style><div class=\"wpforms-container wpforms-container-full wpforms-render-modern\" id=\"wpforms-679\"><form id=\"wpforms-form-679\" class=\"wpforms-validate wpforms-form wpforms-ajax-form\" data-formid=\"679\" method=\"post\" enctype=\"multipart\/form-data\" action=\"\/index.php\/wp-json\/wp\/v2\/pages\/627\" data-token=\"7606efa36e33053ec319d0d8ebd5dbbf\" data-token-time=\"1775462421\"><noscript class=\"wpforms-error-noscript\">Veuillez activer JavaScript dans votre navigateur pour remplir ce formulaire.<\/noscript><div class=\"wpforms-hidden\" id=\"wpforms-error-noscript\">Veuillez activer JavaScript dans votre navigateur pour remplir ce formulaire.<\/div><div class=\"wpforms-field-container\"><div id=\"wpforms-679-field_0-container\" class=\"wpforms-field wpforms-field-name\" data-field-id=\"0\"><fieldset><legend class=\"wpforms-field-label\">Name <span class=\"wpforms-required-label\" aria-hidden=\"true\">*<\/span><\/legend><div class=\"wpforms-field-row wpforms-field-large\"><div class=\"wpforms-field-row-block wpforms-first wpforms-one-half\"><input type=\"text\" id=\"wpforms-679-field_0\" class=\"wpforms-field-name-first wpforms-field-required\" name=\"wpforms[fields][0][first]\" aria-errormessage=\"wpforms-679-field_0-error\" required><label for=\"wpforms-679-field_0\" class=\"wpforms-field-sublabel after\">Pr\u00e9nom<\/label><\/div><div class=\"wpforms-field-row-block wpforms-one-half\"><input type=\"text\" id=\"wpforms-679-field_0-last\" class=\"wpforms-field-name-last wpforms-field-required\" name=\"wpforms[fields][0][last]\" aria-errormessage=\"wpforms-679-field_0-last-error\" required><label for=\"wpforms-679-field_0-last\" class=\"wpforms-field-sublabel after\">Nom<\/label><\/div><\/div><\/fieldset><\/div><div id=\"wpforms-679-field_1-container\" class=\"wpforms-field wpforms-field-email\" data-field-id=\"1\"><label class=\"wpforms-field-label\" for=\"wpforms-679-field_1\">Email <span class=\"wpforms-required-label\" aria-hidden=\"true\">*<\/span><\/label><input type=\"email\" id=\"wpforms-679-field_1\" class=\"wpforms-field-large wpforms-field-required\" name=\"wpforms[fields][1]\" spellcheck=\"false\" aria-errormessage=\"wpforms-679-field_1-error\" required><\/div><div id=\"wpforms-679-field_2-container\" class=\"wpforms-field wpforms-field-textarea\" data-field-id=\"2\"><label class=\"wpforms-field-label\" for=\"wpforms-679-field_2\">Comment or Message <span class=\"wpforms-required-label\" aria-hidden=\"true\">*<\/span><\/label><textarea id=\"wpforms-679-field_2\" class=\"wpforms-field-medium wpforms-field-required\" name=\"wpforms[fields][2]\" aria-errormessage=\"wpforms-679-field_2-error\" required><\/textarea><\/div><\/div><!-- .wpforms-field-container --><div class=\"wpforms-submit-container\" ><input type=\"hidden\" name=\"wpforms[id]\" value=\"679\"><input type=\"hidden\" name=\"page_title\" value=\"\"><input type=\"hidden\" name=\"page_url\" value=\"https:\/\/brasseriebriare.fr\/index.php\/wp-json\/wp\/v2\/pages\/627\"><input type=\"hidden\" name=\"url_referer\" value=\"\"><button type=\"submit\" name=\"wpforms[submit]\" id=\"wpforms-submit-679\" class=\"wpforms-submit\" aria-live=\"assertive\" value=\"wpforms-submit\">Submit<\/button><img decoding=\"async\" src=\"https:\/\/brasseriebriare.fr\/wp-content\/plugins\/wpforms-lite\/assets\/images\/submit-spin.svg\" class=\"wpforms-submit-spinner\" style=\"display: none;\" width=\"26\" height=\"26\" alt=\"Chargement en cours\"><\/div><\/form><\/div>  <!-- .wpforms-container -->\t\t\t\t<\/div>\n\t\t\t\t<\/div>\n\t\t\t\t\t<\/div>\n\t\t\t\t<\/div>\n\t\t\t\t\t<\/div>\n\t\t\t\t<\/div>\n\t\t\t\t\t<\/div>\n\t\t\t\t<\/div>\n\t\t\t\t<\/div>\n\t\t\t\t<\/div>\n\t\t\t\t<\/div>\n\t\t","protected":false},"excerpt":{"rendered":"<p>Contactez-nous ! Nos horaires Lundi \u00e0 Samedi De 7h30 \u00e0 20h30 (ouvert les jours f\u00e9ri\u00e9s) Contactez-nous 02 38 31 22 96 1 Pl. de la R\u00e9publique45250 Briare fdliris45@gmail.com R\u00e9servation en ligne Veuillez activer JavaScript dans votre navigateur pour remplir ce formulaire.Veuillez activer JavaScript dans votre navigateur pour remplir ce formulaire. Name * Pr\u00e9nomNom Email *Comment or Message * Submit<\/p>\n","protected":false},"author":1,"featured_media":0,"parent":0,"menu_order":0,"comment_status":"closed","ping_status":"closed","template":"","meta":{"_kadence_starter_templates_imported_post":false,"_kad_post_transparent":"","_kad_post_title":"hide","_kad_post_layout":"fullwidth","_kad_post_sidebar_id":"","_kad_post_content_style":"unboxed","_kad_post_vertical_padding":"hide","_kad_post_feature":"hide","_kad_post_feature_position":"","_kad_post_header":false,"_kad_post_footer":false,"footnotes":""},"class_list":["post-627","page","type-page","status-publish","hentry"],"yoast_head":"<!-- This site is optimized with the Yoast SEO plugin v24.8.1 - https:\/\/yoast.com\/wordpress\/plugins\/seo\/ -->\n<title>Contact Brasserie l&#039;Agriculture Briare (45) - R\u00e9servations en ligne<\/title>\n<meta name=\"robots\" content=\"index, follow, max-snippet:-1, max-image-preview:large, max-video-preview:-1\" \/>\n<link rel=\"canonical\" href=\"https:\/\/brasseriebriare.fr\/index.php\/contact-brasserie-lagriculture-briare-45\/\" \/>\n<meta property=\"og:locale\" content=\"fr_FR\" \/>\n<meta property=\"og:type\" content=\"article\" \/>\n<meta property=\"og:title\" content=\"Contact Brasserie l&#039;Agriculture Briare (45) - R\u00e9servations en ligne\" \/>\n<meta property=\"og:description\" content=\"Contactez-nous ! Nos horaires Lundi \u00e0 Samedi De 7h30 \u00e0 20h30 (ouvert les jours f\u00e9ri\u00e9s) Contactez-nous 02 38 31 22 96 1 Pl. de la R\u00e9publique45250 Briare fdliris45@gmail.com R\u00e9servation en ligne Veuillez activer JavaScript dans votre navigateur pour remplir ce formulaire.Veuillez activer JavaScript dans votre navigateur pour remplir ce formulaire. Name * Pr\u00e9nomNom Email *Comment or Message * Submit\" \/>\n<meta property=\"og:url\" content=\"https:\/\/brasseriebriare.fr\/index.php\/contact-brasserie-lagriculture-briare-45\/\" \/>\n<meta property=\"og:site_name\" content=\"L&#039;Agriculture\" \/>\n<meta property=\"article:modified_time\" content=\"2024-05-22T13:37:40+00:00\" \/>\n<meta property=\"og:image\" content=\"https:\/\/brasseriebriare.fr\/wp-content\/plugins\/wpforms-lite\/assets\/images\/submit-spin.svg\" \/>\n<meta name=\"twitter:card\" content=\"summary_large_image\" \/>\n<meta name=\"twitter:label1\" content=\"Dur\u00e9e de lecture estim\u00e9e\" \/>\n\t<meta name=\"twitter:data1\" content=\"1 minute\" \/>\n<script type=\"application\/ld+json\" class=\"yoast-schema-graph\">{\"@context\":\"https:\/\/schema.org\",\"@graph\":[{\"@type\":\"WebPage\",\"@id\":\"https:\/\/brasseriebriare.fr\/index.php\/contact-brasserie-lagriculture-briare-45\/\",\"url\":\"https:\/\/brasseriebriare.fr\/index.php\/contact-brasserie-lagriculture-briare-45\/\",\"name\":\"Contact Brasserie l'Agriculture Briare (45) - R\u00e9servations en ligne\",\"isPartOf\":{\"@id\":\"https:\/\/brasseriebriare.fr\/#website\"},\"primaryImageOfPage\":{\"@id\":\"https:\/\/brasseriebriare.fr\/index.php\/contact-brasserie-lagriculture-briare-45\/#primaryimage\"},\"image\":{\"@id\":\"https:\/\/brasseriebriare.fr\/index.php\/contact-brasserie-lagriculture-briare-45\/#primaryimage\"},\"thumbnailUrl\":\"https:\/\/brasseriebriare.fr\/wp-content\/plugins\/wpforms-lite\/assets\/images\/submit-spin.svg\",\"datePublished\":\"2024-05-10T20:03:39+00:00\",\"dateModified\":\"2024-05-22T13:37:40+00:00\",\"breadcrumb\":{\"@id\":\"https:\/\/brasseriebriare.fr\/index.php\/contact-brasserie-lagriculture-briare-45\/#breadcrumb\"},\"inLanguage\":\"fr-FR\",\"potentialAction\":[{\"@type\":\"ReadAction\",\"target\":[\"https:\/\/brasseriebriare.fr\/index.php\/contact-brasserie-lagriculture-briare-45\/\"]}]},{\"@type\":\"ImageObject\",\"inLanguage\":\"fr-FR\",\"@id\":\"https:\/\/brasseriebriare.fr\/index.php\/contact-brasserie-lagriculture-briare-45\/#primaryimage\",\"url\":\"https:\/\/brasseriebriare.fr\/wp-content\/plugins\/wpforms-lite\/assets\/images\/submit-spin.svg\",\"contentUrl\":\"https:\/\/brasseriebriare.fr\/wp-content\/plugins\/wpforms-lite\/assets\/images\/submit-spin.svg\"},{\"@type\":\"BreadcrumbList\",\"@id\":\"https:\/\/brasseriebriare.fr\/index.php\/contact-brasserie-lagriculture-briare-45\/#breadcrumb\",\"itemListElement\":[{\"@type\":\"ListItem\",\"position\":1,\"name\":\"Accueil\",\"item\":\"https:\/\/brasseriebriare.fr\/\"},{\"@type\":\"ListItem\",\"position\":2,\"name\":\"Contact Brasserie l&#8217;Agriculture Briare (45)\"}]},{\"@type\":\"WebSite\",\"@id\":\"https:\/\/brasseriebriare.fr\/#website\",\"url\":\"https:\/\/brasseriebriare.fr\/\",\"name\":\"L&#039;Agriculture\",\"description\":\"Brasserie Restaurant \u00e0 Briare 45250 | L&#039;Agriculture\",\"publisher\":{\"@id\":\"https:\/\/brasseriebriare.fr\/#organization\"},\"potentialAction\":[{\"@type\":\"SearchAction\",\"target\":{\"@type\":\"EntryPoint\",\"urlTemplate\":\"https:\/\/brasseriebriare.fr\/?s={search_term_string}\"},\"query-input\":{\"@type\":\"PropertyValueSpecification\",\"valueRequired\":true,\"valueName\":\"search_term_string\"}}],\"inLanguage\":\"fr-FR\"},{\"@type\":\"Organization\",\"@id\":\"https:\/\/brasseriebriare.fr\/#organization\",\"name\":\"L&#039;Agriculture\",\"url\":\"https:\/\/brasseriebriare.fr\/\",\"logo\":{\"@type\":\"ImageObject\",\"inLanguage\":\"fr-FR\",\"@id\":\"https:\/\/brasseriebriare.fr\/#\/schema\/logo\/image\/\",\"url\":\"https:\/\/brasseriebriare.fr\/wp-content\/uploads\/2024\/03\/cropped-cropped-Capture-decran-2024-03-13-a-15.17.20.png\",\"contentUrl\":\"https:\/\/brasseriebriare.fr\/wp-content\/uploads\/2024\/03\/cropped-cropped-Capture-decran-2024-03-13-a-15.17.20.png\",\"width\":512,\"height\":455,\"caption\":\"L&#039;Agriculture \"},\"image\":{\"@id\":\"https:\/\/brasseriebriare.fr\/#\/schema\/logo\/image\/\"}}]}<\/script>\n<!-- \/ Yoast SEO plugin. -->","yoast_head_json":{"title":"Contact Brasserie l'Agriculture Briare (45) - R\u00e9servations en ligne","robots":{"index":"index","follow":"follow","max-snippet":"max-snippet:-1","max-image-preview":"max-image-preview:large","max-video-preview":"max-video-preview:-1"},"canonical":"https:\/\/brasseriebriare.fr\/index.php\/contact-brasserie-lagriculture-briare-45\/","og_locale":"fr_FR","og_type":"article","og_title":"Contact Brasserie l'Agriculture Briare (45) - R\u00e9servations en ligne","og_description":"Contactez-nous ! Nos horaires Lundi \u00e0 Samedi De 7h30 \u00e0 20h30 (ouvert les jours f\u00e9ri\u00e9s) Contactez-nous 02 38 31 22 96 1 Pl. de la R\u00e9publique45250 Briare fdliris45@gmail.com R\u00e9servation en ligne Veuillez activer JavaScript dans votre navigateur pour remplir ce formulaire.Veuillez activer JavaScript dans votre navigateur pour remplir ce formulaire. Name * Pr\u00e9nomNom Email *Comment or Message * Submit","og_url":"https:\/\/brasseriebriare.fr\/index.php\/contact-brasserie-lagriculture-briare-45\/","og_site_name":"L&#039;Agriculture","article_modified_time":"2024-05-22T13:37:40+00:00","og_image":[{"url":"https:\/\/brasseriebriare.fr\/wp-content\/plugins\/wpforms-lite\/assets\/images\/submit-spin.svg","type":"","width":"","height":""}],"twitter_card":"summary_large_image","twitter_misc":{"Dur\u00e9e de lecture estim\u00e9e":"1 minute"},"schema":{"@context":"https:\/\/schema.org","@graph":[{"@type":"WebPage","@id":"https:\/\/brasseriebriare.fr\/index.php\/contact-brasserie-lagriculture-briare-45\/","url":"https:\/\/brasseriebriare.fr\/index.php\/contact-brasserie-lagriculture-briare-45\/","name":"Contact Brasserie l'Agriculture Briare (45) - R\u00e9servations en ligne","isPartOf":{"@id":"https:\/\/brasseriebriare.fr\/#website"},"primaryImageOfPage":{"@id":"https:\/\/brasseriebriare.fr\/index.php\/contact-brasserie-lagriculture-briare-45\/#primaryimage"},"image":{"@id":"https:\/\/brasseriebriare.fr\/index.php\/contact-brasserie-lagriculture-briare-45\/#primaryimage"},"thumbnailUrl":"https:\/\/brasseriebriare.fr\/wp-content\/plugins\/wpforms-lite\/assets\/images\/submit-spin.svg","datePublished":"2024-05-10T20:03:39+00:00","dateModified":"2024-05-22T13:37:40+00:00","breadcrumb":{"@id":"https:\/\/brasseriebriare.fr\/index.php\/contact-brasserie-lagriculture-briare-45\/#breadcrumb"},"inLanguage":"fr-FR","potentialAction":[{"@type":"ReadAction","target":["https:\/\/brasseriebriare.fr\/index.php\/contact-brasserie-lagriculture-briare-45\/"]}]},{"@type":"ImageObject","inLanguage":"fr-FR","@id":"https:\/\/brasseriebriare.fr\/index.php\/contact-brasserie-lagriculture-briare-45\/#primaryimage","url":"https:\/\/brasseriebriare.fr\/wp-content\/plugins\/wpforms-lite\/assets\/images\/submit-spin.svg","contentUrl":"https:\/\/brasseriebriare.fr\/wp-content\/plugins\/wpforms-lite\/assets\/images\/submit-spin.svg"},{"@type":"BreadcrumbList","@id":"https:\/\/brasseriebriare.fr\/index.php\/contact-brasserie-lagriculture-briare-45\/#breadcrumb","itemListElement":[{"@type":"ListItem","position":1,"name":"Accueil","item":"https:\/\/brasseriebriare.fr\/"},{"@type":"ListItem","position":2,"name":"Contact Brasserie l&#8217;Agriculture Briare (45)"}]},{"@type":"WebSite","@id":"https:\/\/brasseriebriare.fr\/#website","url":"https:\/\/brasseriebriare.fr\/","name":"L&#039;Agriculture","description":"Brasserie Restaurant \u00e0 Briare 45250 | L&#039;Agriculture","publisher":{"@id":"https:\/\/brasseriebriare.fr\/#organization"},"potentialAction":[{"@type":"SearchAction","target":{"@type":"EntryPoint","urlTemplate":"https:\/\/brasseriebriare.fr\/?s={search_term_string}"},"query-input":{"@type":"PropertyValueSpecification","valueRequired":true,"valueName":"search_term_string"}}],"inLanguage":"fr-FR"},{"@type":"Organization","@id":"https:\/\/brasseriebriare.fr\/#organization","name":"L&#039;Agriculture","url":"https:\/\/brasseriebriare.fr\/","logo":{"@type":"ImageObject","inLanguage":"fr-FR","@id":"https:\/\/brasseriebriare.fr\/#\/schema\/logo\/image\/","url":"https:\/\/brasseriebriare.fr\/wp-content\/uploads\/2024\/03\/cropped-cropped-Capture-decran-2024-03-13-a-15.17.20.png","contentUrl":"https:\/\/brasseriebriare.fr\/wp-content\/uploads\/2024\/03\/cropped-cropped-Capture-decran-2024-03-13-a-15.17.20.png","width":512,"height":455,"caption":"L&#039;Agriculture "},"image":{"@id":"https:\/\/brasseriebriare.fr\/#\/schema\/logo\/image\/"}}]}},"_links":{"self":[{"href":"https:\/\/brasseriebriare.fr\/index.php\/wp-json\/wp\/v2\/pages\/627","targetHints":{"allow":["GET"]}}],"collection":[{"href":"https:\/\/brasseriebriare.fr\/index.php\/wp-json\/wp\/v2\/pages"}],"about":[{"href":"https:\/\/brasseriebriare.fr\/index.php\/wp-json\/wp\/v2\/types\/page"}],"author":[{"embeddable":true,"href":"https:\/\/brasseriebriare.fr\/index.php\/wp-json\/wp\/v2\/users\/1"}],"replies":[{"embeddable":true,"href":"https:\/\/brasseriebriare.fr\/index.php\/wp-json\/wp\/v2\/comments?post=627"}],"version-history":[{"count":19,"href":"https:\/\/brasseriebriare.fr\/index.php\/wp-json\/wp\/v2\/pages\/627\/revisions"}],"predecessor-version":[{"id":853,"href":"https:\/\/brasseriebriare.fr\/index.php\/wp-json\/wp\/v2\/pages\/627\/revisions\/853"}],"wp:attachment":[{"href":"https:\/\/brasseriebriare.fr\/index.php\/wp-json\/wp\/v2\/media?parent=627"}],"curies":[{"name":"wp","href":"https:\/\/api.w.org\/{rel}","templated":true}]}}